{"id":222,"date":"2025-02-14T00:31:25","date_gmt":"2025-02-14T03:31:25","guid":{"rendered":"https:\/\/jornalistasassociados.info\/associados\/?page_id=222"},"modified":"2025-02-17T18:22:30","modified_gmt":"2025-02-17T21:22:30","slug":"222-2","status":"publish","type":"page","link":"https:\/\/jornalistasassociados.info\/associados\/","title":{"rendered":""},"content":{"rendered":"\n<div class=\"wp-block-group alignwide is-layout-constrained wp-container-core-group-is-layout-415f85d1 wp-block-group-is-layout-constrained\">\n<div class=\"wp-block-columns alignfull is-layout-flex wp-container-core-columns-is-layout-6b276c36 wp-block-columns-is-layout-flex\">\n<div class=\"wp-block-column is-layout-flow wp-block-column-is-layout-flow\" style=\"flex-basis:66.66%\">\n<h2 class=\"wp-block-heading\">Posts<\/h2>\n\n\n\n<div class=\"wp-block-query alignfull is-layout-constrained wp-block-query-is-layout-constrained\"><ul class=\"columns-2 wp-block-post-template is-layout-grid wp-container-core-post-template-is-layout-741f7775 wp-block-post-template-is-layout-grid\"><li class=\"wp-block-post post-239 post type-post status-publish format-standard hentry category-sem-categoria\">\n\n<div class=\"wp-block-group is-vertical is-layout-flex wp-container-core-group-is-layout-8eec3542 wp-block-group-is-layout-flex\" style=\"border-bottom-width:2px;padding-bottom:1rem\"><div style=\"font-style:italic;font-weight:400;\" class=\"has-text-align-right wp-block-post-date has-small-font-size\"><time datetime=\"2025-02-18T17:56:34-03:00\">18 de fevereiro de 2025<\/time><\/div>\n\n\n\n<h2 style=\"font-style:normal;font-weight:400; margin-top:0.2em;\" class=\"wp-block-post-title has-large-font-size has-system-font-font-family\"><a href=\"https:\/\/jornalistasassociados.info\/associados\/os-supridores\/\" target=\"_self\" >Os supridores<\/a><\/h2><\/div>\n\n<\/li><li class=\"wp-block-post post-199 post type-post status-publish format-standard hentry category-sem-categoria\">\n\n<div class=\"wp-block-group is-vertical is-layout-flex wp-container-core-group-is-layout-8eec3542 wp-block-group-is-layout-flex\" style=\"border-bottom-width:2px;padding-bottom:1rem\"><div style=\"font-style:italic;font-weight:400;\" class=\"has-text-align-right wp-block-post-date has-small-font-size\"><time datetime=\"2025-02-13T16:53:20-03:00\">13 de fevereiro de 2025<\/time><\/div>\n\n\n\n<h2 style=\"font-style:normal;font-weight:400; margin-top:0.2em;\" class=\"wp-block-post-title has-large-font-size has-system-font-font-family\"><a href=\"https:\/\/jornalistasassociados.info\/associados\/civilizacao\/\" target=\"_self\" >CIVILIZA\u00c7\u00c3O<\/a><\/h2><\/div>\n\n<\/li><li class=\"wp-block-post post-196 post type-post status-publish format-standard hentry category-sem-categoria\">\n\n<div class=\"wp-block-group is-vertical is-layout-flex wp-container-core-group-is-layout-8eec3542 wp-block-group-is-layout-flex\" style=\"border-bottom-width:2px;padding-bottom:1rem\"><div style=\"font-style:italic;font-weight:400;\" class=\"has-text-align-right wp-block-post-date has-small-font-size\"><time datetime=\"2025-01-28T14:10:56-03:00\">28 de janeiro de 2025<\/time><\/div>\n\n\n\n<h2 style=\"font-style:normal;font-weight:400; margin-top:0.2em;\" class=\"wp-block-post-title has-large-font-size has-system-font-font-family\"><a href=\"https:\/\/jornalistasassociados.info\/associados\/o-estado-espetaculo\/\" target=\"_self\" >O estado espet\u00e1culo<\/a><\/h2><\/div>\n\n<\/li><li class=\"wp-block-post post-139 post type-post status-publish format-standard hentry category-sem-categoria\">\n\n<div class=\"wp-block-group is-vertical is-layout-flex wp-container-core-group-is-layout-8eec3542 wp-block-group-is-layout-flex\" style=\"border-bottom-width:2px;padding-bottom:1rem\"><div style=\"font-style:italic;font-weight:400;\" class=\"has-text-align-right wp-block-post-date has-small-font-size\"><time datetime=\"2025-01-23T11:45:23-03:00\">23 de janeiro de 2025<\/time><\/div>\n\n\n\n<h2 style=\"font-style:normal;font-weight:400; margin-top:0.2em;\" class=\"wp-block-post-title has-large-font-size has-system-font-font-family\"><a href=\"https:\/\/jornalistasassociados.info\/associados\/o-problema-da-escravidao-na-cultura-ocidental\/\" target=\"_self\" >O problema da escravid\u00e3o na cultura ocidental<\/a><\/h2><\/div>\n\n<\/li><li class=\"wp-block-post post-177 post type-post status-publish format-standard hentry category-sem-categoria\">\n\n<div class=\"wp-block-group is-vertical is-layout-flex wp-container-core-group-is-layout-8eec3542 wp-block-group-is-layout-flex\" style=\"border-bottom-width:2px;padding-bottom:1rem\"><div style=\"font-style:italic;font-weight:400;\" class=\"has-text-align-right wp-block-post-date has-small-font-size\"><time datetime=\"2025-01-23T09:49:47-03:00\">23 de janeiro de 2025<\/time><\/div>\n\n\n\n<h2 style=\"font-style:normal;font-weight:400; margin-top:0.2em;\" class=\"wp-block-post-title has-large-font-size has-system-font-font-family\"><a href=\"https:\/\/jornalistasassociados.info\/associados\/mao-a-historia-desconhecida\/\" target=\"_self\" >MAO                                                                                                              a hist\u00f3ria desconhecida<\/a><\/h2><\/div>\n\n<\/li><li class=\"wp-block-post post-168 post type-post status-publish format-standard hentry category-sem-categoria\">\n\n<div class=\"wp-block-group is-vertical is-layout-flex wp-container-core-group-is-layout-8eec3542 wp-block-group-is-layout-flex\" style=\"border-bottom-width:2px;padding-bottom:1rem\"><div style=\"font-style:italic;font-weight:400;\" class=\"has-text-align-right wp-block-post-date has-small-font-size\"><time datetime=\"2025-01-11T10:12:22-03:00\">11 de janeiro de 2025<\/time><\/div>\n\n\n\n<h2 style=\"font-style:normal;font-weight:400; margin-top:0.2em;\" class=\"wp-block-post-title has-large-font-size has-system-font-font-family\"><a href=\"https:\/\/jornalistasassociados.info\/associados\/colonia\/\" target=\"_self\" >COL\u00d4NIA<\/a><\/h2><\/div>\n\n<\/li><li class=\"wp-block-post post-160 post type-post status-publish format-standard hentry category-sem-categoria\">\n\n<div class=\"wp-block-group is-vertical is-layout-flex wp-container-core-group-is-layout-8eec3542 wp-block-group-is-layout-flex\" style=\"border-bottom-width:2px;padding-bottom:1rem\"><div style=\"font-style:italic;font-weight:400;\" class=\"has-text-align-right wp-block-post-date has-small-font-size\"><time datetime=\"2025-01-10T10:32:52-03:00\">10 de janeiro de 2025<\/time><\/div>\n\n\n\n<h2 style=\"font-style:normal;font-weight:400; margin-top:0.2em;\" class=\"wp-block-post-title has-large-font-size has-system-font-font-family\"><a href=\"https:\/\/jornalistasassociados.info\/associados\/1889-2\/\" target=\"_self\" >1889<\/a><\/h2><\/div>\n\n<\/li><li class=\"wp-block-post post-155 post type-post status-publish format-standard hentry category-sem-categoria\">\n\n<div class=\"wp-block-group is-vertical is-layout-flex wp-container-core-group-is-layout-8eec3542 wp-block-group-is-layout-flex\" style=\"border-bottom-width:2px;padding-bottom:1rem\"><div style=\"font-style:italic;font-weight:400;\" class=\"has-text-align-right wp-block-post-date has-small-font-size\"><time datetime=\"2025-01-08T12:47:02-03:00\">8 de janeiro de 2025<\/time><\/div>\n\n\n\n<h2 style=\"font-style:normal;font-weight:400; margin-top:0.2em;\" class=\"wp-block-post-title has-large-font-size has-system-font-font-family\"><a href=\"https:\/\/jornalistasassociados.info\/associados\/1808-2\/\" target=\"_self\" >1808<\/a><\/h2><\/div>\n\n<\/li><li class=\"wp-block-post post-148 post type-post status-publish format-standard hentry category-sem-categoria\">\n\n<div class=\"wp-block-group is-vertical is-layout-flex wp-container-core-group-is-layout-8eec3542 wp-block-group-is-layout-flex\" style=\"border-bottom-width:2px;padding-bottom:1rem\"><div style=\"font-style:italic;font-weight:400;\" class=\"has-text-align-right wp-block-post-date has-small-font-size\"><time datetime=\"2024-12-30T10:49:54-03:00\">30 de dezembro de 2024<\/time><\/div>\n\n\n\n<h2 style=\"font-style:normal;font-weight:400; margin-top:0.2em;\" class=\"wp-block-post-title has-large-font-size has-system-font-font-family\"><a href=\"https:\/\/jornalistasassociados.info\/associados\/america-latina-em-perspectiva\/\" target=\"_self\" >AM\u00c9RICA LATINA em perspectiva<\/a><\/h2><\/div>\n\n<\/li><li class=\"wp-block-post post-144 post type-post status-publish format-standard hentry category-sem-categoria\">\n\n<div class=\"wp-block-group is-vertical is-layout-flex wp-container-core-group-is-layout-8eec3542 wp-block-group-is-layout-flex\" style=\"border-bottom-width:2px;padding-bottom:1rem\"><div style=\"font-style:italic;font-weight:400;\" class=\"has-text-align-right wp-block-post-date has-small-font-size\"><time datetime=\"2024-12-25T13:43:34-03:00\">25 de dezembro de 2024<\/time><\/div>\n\n\n\n<h2 style=\"font-style:normal;font-weight:400; margin-top:0.2em;\" class=\"wp-block-post-title has-large-font-size has-system-font-font-family\"><a href=\"https:\/\/jornalistasassociados.info\/associados\/a-disputa-pela-construcao-democratica-na-ameria-latina\/\" target=\"_self\" >A disputa pela constru\u00e7\u00e3o democr\u00e1tica na ameria latina<\/a><\/h2><\/div>\n\n<\/li><li class=\"wp-block-post post-129 post type-post status-publish format-standard hentry category-sem-categoria\">\n\n<div class=\"wp-block-group is-vertical is-layout-flex wp-container-core-group-is-layout-8eec3542 wp-block-group-is-layout-flex\" style=\"border-bottom-width:2px;padding-bottom:1rem\"><div style=\"font-style:italic;font-weight:400;\" class=\"has-text-align-right wp-block-post-date has-small-font-size\"><time datetime=\"2024-12-11T11:45:53-03:00\">11 de dezembro de 2024<\/time><\/div>\n\n\n\n<h2 style=\"font-style:normal;font-weight:400; margin-top:0.2em;\" class=\"wp-block-post-title has-large-font-size has-system-font-font-family\"><a href=\"https:\/\/jornalistasassociados.info\/associados\/a-capoeita-escrava-e-outras-tradicoes-rebeldes-no-rio-de-janeiro-1808-1850\/\" target=\"_self\" >A CAPOEIRA ESCRAVA, e outras tradi\u00e7\u00f5es rebeldes no Rio de Janeiro (1808 &#8211; 1850)<\/a><\/h2><\/div>\n\n<\/li><li class=\"wp-block-post post-125 post type-post status-publish format-standard hentry category-sem-categoria\">\n\n<div class=\"wp-block-group is-vertical is-layout-flex wp-container-core-group-is-layout-8eec3542 wp-block-group-is-layout-flex\" style=\"border-bottom-width:2px;padding-bottom:1rem\"><div style=\"font-style:italic;font-weight:400;\" class=\"has-text-align-right wp-block-post-date has-small-font-size\"><time datetime=\"2024-12-10T11:48:38-03:00\">10 de dezembro de 2024<\/time><\/div>\n\n\n\n<h2 style=\"font-style:normal;font-weight:400; margin-top:0.2em;\" class=\"wp-block-post-title has-large-font-size has-system-font-font-family\"><a href=\"https:\/\/jornalistasassociados.info\/associados\/historia-da-3a-regiao-militar-2\/\" target=\"_self\" >HIST\u00d3RIA DA 3\u00aa REGIAO MILITAR<\/a><\/h2><\/div>\n\n<\/li><li class=\"wp-block-post post-116 post type-post status-publish format-standard hentry category-sem-categoria\">\n\n<div class=\"wp-block-group is-vertical is-layout-flex wp-container-core-group-is-layout-8eec3542 wp-block-group-is-layout-flex\" style=\"border-bottom-width:2px;padding-bottom:1rem\"><div style=\"font-style:italic;font-weight:400;\" class=\"has-text-align-right wp-block-post-date has-small-font-size\"><time datetime=\"2024-12-05T11:34:03-03:00\">5 de dezembro de 2024<\/time><\/div>\n\n\n\n<h2 style=\"font-style:normal;font-weight:400; margin-top:0.2em;\" class=\"wp-block-post-title has-large-font-size has-system-font-font-family\"><a href=\"https:\/\/jornalistasassociados.info\/associados\/historia-da-3a-regiao-militar\/\" target=\"_self\" >HIST\u00d3RIA DA 3\u00aa REGI\u00c3O MILITAR<\/a><\/h2><\/div>\n\n<\/li><li class=\"wp-block-post post-110 post type-post status-publish format-standard hentry category-sem-categoria\">\n\n<div class=\"wp-block-group is-vertical is-layout-flex wp-container-core-group-is-layout-8eec3542 wp-block-group-is-layout-flex\" style=\"border-bottom-width:2px;padding-bottom:1rem\"><div style=\"font-style:italic;font-weight:400;\" class=\"has-text-align-right wp-block-post-date has-small-font-size\"><time datetime=\"2024-12-04T11:57:40-03:00\">4 de dezembro de 2024<\/time><\/div>\n\n\n\n<h2 style=\"font-style:normal;font-weight:400; margin-top:0.2em;\" class=\"wp-block-post-title has-large-font-size has-system-font-font-family\"><a href=\"https:\/\/jornalistasassociados.info\/associados\/a-guerra-a-ascensao-do-pcc-e-o-mundo-de-crime-no-brasil\/\" target=\"_self\" >A GUERRA: a ascens\u00e3o do pcc e o mundo de crime no Brasil<\/a><\/h2><\/div>\n\n<\/li><li class=\"wp-block-post post-107 post type-post status-publish format-standard hentry category-sem-categoria\">\n\n<div class=\"wp-block-group is-vertical is-layout-flex wp-container-core-group-is-layout-8eec3542 wp-block-group-is-layout-flex\" style=\"border-bottom-width:2px;padding-bottom:1rem\"><div style=\"font-style:italic;font-weight:400;\" class=\"has-text-align-right wp-block-post-date has-small-font-size\"><time datetime=\"2024-12-04T10:23:31-03:00\">4 de dezembro de 2024<\/time><\/div>\n\n\n\n<h2 style=\"font-style:normal;font-weight:400; margin-top:0.2em;\" class=\"wp-block-post-title has-large-font-size has-system-font-font-family\"><a href=\"https:\/\/jornalistasassociados.info\/associados\/historia-da-literatura-ocidental-3\/\" target=\"_self\" >Hist\u00f3ria da literatura ocidental VOL IV<\/a><\/h2><\/div>\n\n<\/li><li class=\"wp-block-post post-97 post type-post status-publish format-standard hentry category-sem-categoria\">\n\n<div class=\"wp-block-group is-vertical is-layout-flex wp-container-core-group-is-layout-8eec3542 wp-block-group-is-layout-flex\" style=\"border-bottom-width:2px;padding-bottom:1rem\"><div style=\"font-style:italic;font-weight:400;\" class=\"has-text-align-right wp-block-post-date has-small-font-size\"><time datetime=\"2024-12-03T10:37:40-03:00\">3 de dezembro de 2024<\/time><\/div>\n\n\n\n<h2 style=\"font-style:normal;font-weight:400; margin-top:0.2em;\" class=\"wp-block-post-title has-large-font-size has-system-font-font-family\"><a href=\"https:\/\/jornalistasassociados.info\/associados\/historia-da-literatula-ocidental\/\" target=\"_self\" >hist\u00f3ria da literatula ocidental VOL III<\/a><\/h2><\/div>\n\n<\/li><li class=\"wp-block-post post-90 post type-post status-publish format-standard hentry category-sem-categoria\">\n\n<div class=\"wp-block-group is-vertical is-layout-flex wp-container-core-group-is-layout-8eec3542 wp-block-group-is-layout-flex\" style=\"border-bottom-width:2px;padding-bottom:1rem\"><div style=\"font-style:italic;font-weight:400;\" class=\"has-text-align-right wp-block-post-date has-small-font-size\"><time datetime=\"2024-12-03T10:13:50-03:00\">3 de dezembro de 2024<\/time><\/div>\n\n\n\n<h2 style=\"font-style:normal;font-weight:400; margin-top:0.2em;\" class=\"wp-block-post-title has-large-font-size has-system-font-font-family\"><a href=\"https:\/\/jornalistasassociados.info\/associados\/historia-da-literatura-ocidental-2\/\" target=\"_self\" >Hist\u00f3ria da literatura ocidental VOL II<\/a><\/h2><\/div>\n\n<\/li><li class=\"wp-block-post post-85 post type-post status-publish format-standard hentry category-sem-categoria\">\n\n<div class=\"wp-block-group is-vertical is-layout-flex wp-container-core-group-is-layout-8eec3542 wp-block-group-is-layout-flex\" style=\"border-bottom-width:2px;padding-bottom:1rem\"><div style=\"font-style:italic;font-weight:400;\" class=\"has-text-align-right wp-block-post-date has-small-font-size\"><time datetime=\"2024-12-02T11:02:24-03:00\">2 de dezembro de 2024<\/time><\/div>\n\n\n\n<h2 style=\"font-style:normal;font-weight:400; margin-top:0.2em;\" class=\"wp-block-post-title has-large-font-size has-system-font-font-family\"><a href=\"https:\/\/jornalistasassociados.info\/associados\/historia-da-literatura-ocidental\/\" target=\"_self\" >Hist\u00f3ria da literatura ocidental  VOL I<\/a><\/h2><\/div>\n\n<\/li><li class=\"wp-block-post post-81 post type-post status-publish format-standard hentry category-sem-categoria\">\n\n<div class=\"wp-block-group is-vertical is-layout-flex wp-container-core-group-is-layout-8eec3542 wp-block-group-is-layout-flex\" style=\"border-bottom-width:2px;padding-bottom:1rem\"><div style=\"font-style:italic;font-weight:400;\" class=\"has-text-align-right wp-block-post-date has-small-font-size\"><time datetime=\"2024-12-02T10:22:02-03:00\">2 de dezembro de 2024<\/time><\/div>\n\n\n\n<h2 style=\"font-style:normal;font-weight:400; margin-top:0.2em;\" class=\"wp-block-post-title has-large-font-size has-system-font-font-family\"><a href=\"https:\/\/jornalistasassociados.info\/associados\/elementos-do-jonalimo-impresso\/\" target=\"_self\" >Elementos do jonalimo impresso<\/a><\/h2><\/div>\n\n<\/li><li class=\"wp-block-post post-74 post type-post status-publish format-standard hentry category-sem-categoria\">\n\n<div class=\"wp-block-group is-vertical is-layout-flex wp-container-core-group-is-layout-8eec3542 wp-block-group-is-layout-flex\" style=\"border-bottom-width:2px;padding-bottom:1rem\"><div style=\"font-style:italic;font-weight:400;\" class=\"has-text-align-right wp-block-post-date has-small-font-size\"><time datetime=\"2024-12-02T09:39:24-03:00\">2 de dezembro de 2024<\/time><\/div>\n\n\n\n<h2 style=\"font-style:normal;font-weight:400; margin-top:0.2em;\" class=\"wp-block-post-title has-large-font-size has-system-font-font-family\"><a href=\"https:\/\/jornalistasassociados.info\/associados\/o-petroleo-uma-historia-mundial-de-conquistas-poder-e-dinheiro\/\" target=\"_self\" >O Petr\u00f3leo: Uma hist\u00f3ria mundial de conquistas, poder e dinheiro<\/a><\/h2><\/div>\n\n<\/li><li class=\"wp-block-post post-66 post type-post status-publish format-standard hentry category-sem-categoria\">\n\n<div class=\"wp-block-group is-vertical is-layout-flex wp-container-core-group-is-layout-8eec3542 wp-block-group-is-layout-flex\" style=\"border-bottom-width:2px;padding-bottom:1rem\"><div style=\"font-style:italic;font-weight:400;\" class=\"has-text-align-right wp-block-post-date has-small-font-size\"><time datetime=\"2024-11-30T10:04:52-03:00\">30 de novembro de 2024<\/time><\/div>\n\n\n\n<h2 style=\"font-style:normal;font-weight:400; margin-top:0.2em;\" class=\"wp-block-post-title has-large-font-size has-system-font-font-family\"><a href=\"https:\/\/jornalistasassociados.info\/associados\/escravidao-iii\/\" target=\"_self\" >ESCRAVID\u00c3O III<\/a><\/h2><\/div>\n\n<\/li><li class=\"wp-block-post post-60 post type-post status-publish format-standard hentry category-sem-categoria\">\n\n<div class=\"wp-block-group is-vertical is-layout-flex wp-container-core-group-is-layout-8eec3542 wp-block-group-is-layout-flex\" style=\"border-bottom-width:2px;padding-bottom:1rem\"><div style=\"font-style:italic;font-weight:400;\" class=\"has-text-align-right wp-block-post-date has-small-font-size\"><time datetime=\"2024-11-28T20:30:42-03:00\">28 de novembro de 2024<\/time><\/div>\n\n\n\n<h2 style=\"font-style:normal;font-weight:400; margin-top:0.2em;\" class=\"wp-block-post-title has-large-font-size has-system-font-font-family\"><a href=\"https:\/\/jornalistasassociados.info\/associados\/escravidao-ii\/\" target=\"_self\" >ESCRAVID\u00c3O II<\/a><\/h2><\/div>\n\n<\/li><li class=\"wp-block-post post-36 post type-post status-publish format-standard hentry category-sem-categoria\">\n\n<div class=\"wp-block-group is-vertical is-layout-flex wp-container-core-group-is-layout-8eec3542 wp-block-group-is-layout-flex\" style=\"border-bottom-width:2px;padding-bottom:1rem\"><div style=\"font-style:italic;font-weight:400;\" class=\"has-text-align-right wp-block-post-date has-small-font-size\"><time datetime=\"2024-11-27T15:22:02-03:00\">27 de novembro de 2024<\/time><\/div>\n\n\n\n<h2 style=\"font-style:normal;font-weight:400; margin-top:0.2em;\" class=\"wp-block-post-title has-large-font-size has-system-font-font-family\"><a href=\"https:\/\/jornalistasassociados.info\/associados\/karl-von-koseritz-selecao-de-textos\/\" target=\"_self\" >Karl Von Koseritz, sele\u00e7\u00e3o de textos<\/a><\/h2><\/div>\n\n<\/li><li class=\"wp-block-post post-43 post type-post status-publish format-standard hentry category-sem-categoria\">\n\n<div class=\"wp-block-group is-vertical is-layout-flex wp-container-core-group-is-layout-8eec3542 wp-block-group-is-layout-flex\" style=\"border-bottom-width:2px;padding-bottom:1rem\"><div style=\"font-style:italic;font-weight:400;\" class=\"has-text-align-right wp-block-post-date has-small-font-size\"><time datetime=\"2024-11-20T08:22:04-03:00\">20 de novembro de 2024<\/time><\/div>\n\n\n\n<h2 style=\"font-style:normal;font-weight:400; margin-top:0.2em;\" class=\"wp-block-post-title has-large-font-size has-system-font-font-family\"><a href=\"https:\/\/jornalistasassociados.info\/associados\/escravidao\/\" target=\"_self\" >ESCRAVID\u00c3O  I<\/a><\/h2><\/div>\n\n<\/li><\/ul>\n\n\n<hr class=\"wp-block-separator has-css-opacity alignwide is-style-dots\" style=\"margin-top:var(--wp--preset--spacing--50);margin-bottom:var(--wp--preset--spacing--50)\"\/>\n\n\n<\/div>\n<\/div>\n\n\n\n<div class=\"wp-block-column is-layout-flow wp-block-column-is-layout-flow\" style=\"flex-basis:33.33%\">\n<h2 class=\"wp-block-heading\">Livros<\/h2>\n\n\n\n<div class=\"wp-block-query alignfull is-layout-constrained wp-block-query-is-layout-constrained\"><ul class=\"columns-1 wp-block-post-template is-layout-grid wp-container-core-post-template-is-layout-19505109 wp-block-post-template-is-layout-grid\"><li class=\"wp-block-post post-234 livros type-livros status-publish hentry\">\n\n<div class=\"wp-block-group is-vertical is-content-justification-center is-layout-flex wp-container-core-group-is-layout-02039bb8 wp-block-group-is-layout-flex\" style=\"border-bottom-width:2px;padding-bottom:1rem\"><div style=\"font-style:italic;font-weight:400;\" class=\"has-text-align-right wp-block-post-date has-small-font-size\"><time datetime=\"2025-02-14T16:43:26-03:00\">14 de fevereiro de 2025<\/time><\/div>\n\n\n\n<h2 style=\"font-style:normal;font-weight:400; margin-top:0.2em;\" class=\"wp-block-post-title has-large-font-size has-system-font-font-family\"><a href=\"https:\/\/jornalistasassociados.info\/associados\/livros\/guia-politicamente-incorreto-da-historia-do-brasil\/\" target=\"_self\" >GUIA politicamente INCORRETO da HISTORIA do BRASIL<\/a><\/h2><\/div>\n\n<\/li><\/ul>\n\n\n<hr class=\"wp-block-separator has-css-opacity alignwide is-style-dots\" style=\"margin-top:var(--wp--preset--spacing--50);margin-bottom:var(--wp--preset--spacing--50)\"\/>\n\n\n<\/div>\n<\/div>\n<\/div>\n<\/div>\n","protected":false},"excerpt":{"rendered":"<p>Posts Livros<\/p>\n","protected":false},"author":1,"featured_media":0,"parent":0,"menu_order":0,"comment_status":"closed","ping_status":"closed","template":"page-no-separators","meta":{"footnotes":""},"class_list":["post-222","page","type-page","status-publish","hentry"],"_links":{"self":[{"href":"https:\/\/jornalistasassociados.info\/associados\/wp-json\/wp\/v2\/pages\/222","targetHints":{"allow":["GET"]}}],"collection":[{"href":"https:\/\/jornalistasassociados.info\/associados\/wp-json\/wp\/v2\/pages"}],"about":[{"href":"https:\/\/jornalistasassociados.info\/associados\/wp-json\/wp\/v2\/types\/page"}],"author":[{"embeddable":true,"href":"https:\/\/jornalistasassociados.info\/associados\/wp-json\/wp\/v2\/users\/1"}],"replies":[{"embeddable":true,"href":"https:\/\/jornalistasassociados.info\/associados\/wp-json\/wp\/v2\/comments?post=222"}],"version-history":[{"count":5,"href":"https:\/\/jornalistasassociados.info\/associados\/wp-json\/wp\/v2\/pages\/222\/revisions"}],"predecessor-version":[{"id":237,"href":"https:\/\/jornalistasassociados.info\/associados\/wp-json\/wp\/v2\/pages\/222\/revisions\/237"}],"wp:attachment":[{"href":"https:\/\/jornalistasassociados.info\/associados\/wp-json\/wp\/v2\/media?parent=222"}],"curies":[{"name":"wp","href":"https:\/\/api.w.org\/{rel}","templated":true}]}}