{"id":84323,"date":"2025-11-06T03:01:40","date_gmt":"2025-11-06T06:01:40","guid":{"rendered":"https:\/\/jornalistasassociados.info\/vendas\/rastrear-encomenda\/"},"modified":"2025-11-06T03:01:40","modified_gmt":"2025-11-06T06:01:40","slug":"rastrear-encomenda","status":"publish","type":"page","link":"https:\/\/jornalistasassociados.info\/vendas\/rastrear-encomenda\/","title":{"rendered":"Rastrear Encomenda"},"content":{"rendered":"<script\n  data-embed-id=\"4aef875d-e7b8-4643-becd-1e6c86f6b1e8\"\n  data-base-api-url=\"https:\/\/internal.energia.chat\/api\/embed\"\n  data-open-on-load=\"off\"\n  data-assistant-greeting-message=\"Ol\u00e1! Sou o agente de intelig\u00eancia artifical do Jornalistas Associados. O que voc\u00ea gostaria de saber? Envie sua pergunta!\"\n  data-button-display-message=\"Ol\u00e1! Fa\u00e7a suas perguntas e esclare\u00e7a suas d\u00favidas sobre o Jornalistas Associados\"\n  data-header-color=\"#000\"\n  data-user-bg-color=\"#000\"\n  data-button-color=\"#000\"\n  data-button-text-color=\"#000\"\n  data-logo-banner-url=\"https:\/\/jornalistasassociados.info\/wp-content\/uploads\/2024\/10\/JAS-logo-chatbot.png\"\n  data-assistant-icon=\"https:\/\/jornalistasassociados.info\/wp-content\/uploads\/2024\/10\/JAS_chatbot-icon.png\"\n  data-privacy-policy-link=\"https:\/\/jornalistasassociados.info\/sobre\/a-ideia\/\"\n  src=\"https:\/\/internal.energia.chat\/embed\/energia-chat-widget.min.js\">\n<\/script>\n\t\n<form method=\"get\" class=\"infixs-correios-automatico-tracking-search-form\">\n\t<label for=\"search_tracking_code\">Insira o c\u00f3digo de rastreio:<\/label>\n\t<div class=\"infixs-correios-automatico-tracking-search-form-input\">\n\t\t<input type=\"text\" id=\"search_tracking_code\" name=\"code\" value=\"\"\n\t\t\trequired>\n\t\t<button type=\"submit\">Rastrear<\/button>\n\t<\/div>\n<\/form>\n\n<div class=\"infixs-caref-order-tracking-history\">\n\t\t\t\t<div class=\"infixs-caref-order-tracking-box\">\n\t\t\t\t\t\t\t<div class=\"infixs-caref-order-tracking-info\">\n\t\t\t\t\t<p>Ainda n\u00e3o h\u00e1 eventos de rastreamento para o c\u00f3digo selecionado, tente outro.<\/p>\n\t\t\t\t\t<a href=\"https:\/\/rastreamento.correios.com.br\/app\/index.php\" target=\"_blank\"\n\t\t\t\t\t\tclass=\"button button-primary\">Rastrear Site dos Correios<\/a>\n\t\t\t\t<\/div>\n\t\t\t\t\t<\/div>\n\t<\/div>\n","protected":false},"excerpt":{"rendered":"","protected":false},"author":1,"featured_media":0,"parent":0,"menu_order":0,"comment_status":"closed","ping_status":"closed","template":"","meta":{"footnotes":""},"class_list":["post-84323","page","type-page","status-publish","hentry"],"_links":{"self":[{"href":"https:\/\/jornalistasassociados.info\/vendas\/wp-json\/wp\/v2\/pages\/84323","targetHints":{"allow":["GET"]}}],"collection":[{"href":"https:\/\/jornalistasassociados.info\/vendas\/wp-json\/wp\/v2\/pages"}],"about":[{"href":"https:\/\/jornalistasassociados.info\/vendas\/wp-json\/wp\/v2\/types\/page"}],"author":[{"embeddable":true,"href":"https:\/\/jornalistasassociados.info\/vendas\/wp-json\/wp\/v2\/users\/1"}],"replies":[{"embeddable":true,"href":"https:\/\/jornalistasassociados.info\/vendas\/wp-json\/wp\/v2\/comments?post=84323"}],"version-history":[{"count":0,"href":"https:\/\/jornalistasassociados.info\/vendas\/wp-json\/wp\/v2\/pages\/84323\/revisions"}],"wp:attachment":[{"href":"https:\/\/jornalistasassociados.info\/vendas\/wp-json\/wp\/v2\/media?parent=84323"}],"curies":[{"name":"wp","href":"https:\/\/api.w.org\/{rel}","templated":true}]}}