{"id":9,"date":"2024-04-25T20:26:18","date_gmt":"2024-04-25T23:26:18","guid":{"rendered":"https:\/\/jornalistasassociados.info\/vendas\/minha-conta\/"},"modified":"2024-04-25T20:26:18","modified_gmt":"2024-04-25T23:26:18","slug":"minha-conta","status":"publish","type":"page","link":"https:\/\/jornalistasassociados.info\/vendas\/minha-conta\/","title":{"rendered":"Minha conta"},"content":{"rendered":"<script\n  data-embed-id=\"4aef875d-e7b8-4643-becd-1e6c86f6b1e8\"\n  data-base-api-url=\"https:\/\/internal.energia.chat\/api\/embed\"\n  data-open-on-load=\"off\"\n  data-assistant-greeting-message=\"Ol\u00e1! Sou o agente de intelig\u00eancia artifical do Jornalistas Associados. O que voc\u00ea gostaria de saber? Envie sua pergunta!\"\n  data-button-display-message=\"Ol\u00e1! Fa\u00e7a suas perguntas e esclare\u00e7a suas d\u00favidas sobre o Jornalistas Associados\"\n  data-header-color=\"#000\"\n  data-user-bg-color=\"#000\"\n  data-button-color=\"#000\"\n  data-button-text-color=\"#000\"\n  data-logo-banner-url=\"https:\/\/jornalistasassociados.info\/wp-content\/uploads\/2024\/10\/JAS-logo-chatbot.png\"\n  data-assistant-icon=\"https:\/\/jornalistasassociados.info\/wp-content\/uploads\/2024\/10\/JAS_chatbot-icon.png\"\n  data-privacy-policy-link=\"https:\/\/jornalistasassociados.info\/sobre\/a-ideia\/\"\n  src=\"https:\/\/internal.energia.chat\/embed\/energia-chat-widget.min.js\">\n<\/script>\n\t<div class=\"woocommerce\"><\/div>\n","protected":false},"excerpt":{"rendered":"","protected":false},"author":1,"featured_media":0,"parent":0,"menu_order":0,"comment_status":"closed","ping_status":"closed","template":"","meta":{"footnotes":""},"class_list":["post-9","page","type-page","status-publish","hentry"],"_links":{"self":[{"href":"https:\/\/jornalistasassociados.info\/vendas\/wp-json\/wp\/v2\/pages\/9","targetHints":{"allow":["GET"]}}],"collection":[{"href":"https:\/\/jornalistasassociados.info\/vendas\/wp-json\/wp\/v2\/pages"}],"about":[{"href":"https:\/\/jornalistasassociados.info\/vendas\/wp-json\/wp\/v2\/types\/page"}],"author":[{"embeddable":true,"href":"https:\/\/jornalistasassociados.info\/vendas\/wp-json\/wp\/v2\/users\/1"}],"replies":[{"embeddable":true,"href":"https:\/\/jornalistasassociados.info\/vendas\/wp-json\/wp\/v2\/comments?post=9"}],"version-history":[{"count":0,"href":"https:\/\/jornalistasassociados.info\/vendas\/wp-json\/wp\/v2\/pages\/9\/revisions"}],"wp:attachment":[{"href":"https:\/\/jornalistasassociados.info\/vendas\/wp-json\/wp\/v2\/media?parent=9"}],"curies":[{"name":"wp","href":"https:\/\/api.w.org\/{rel}","templated":true}]}}