{"id":84128,"date":"2024-04-25T22:18:22","date_gmt":"2024-04-26T01:18:22","guid":{"rendered":"https:\/\/jornalistasassociados.info\/vendas\/?post_type=product&#038;p=84128"},"modified":"2025-10-10T18:16:38","modified_gmt":"2025-10-10T21:16:38","slug":"produto-para-teste","status":"publish","type":"product","link":"https:\/\/jornalistasassociados.info\/vendas\/produto\/produto-para-teste\/","title":{"rendered":"Assinatura anti-censura mensal"},"content":{"rendered":"<script\n  data-embed-id=\"4aef875d-e7b8-4643-becd-1e6c86f6b1e8\"\n  data-base-api-url=\"https:\/\/internal.energia.chat\/api\/embed\"\n  data-open-on-load=\"off\"\n  data-assistant-greeting-message=\"Ol\u00e1! Sou o agente de intelig\u00eancia artifical do Jornalistas Associados. O que voc\u00ea gostaria de saber? Envie sua pergunta!\"\n  data-button-display-message=\"Ol\u00e1! Fa\u00e7a suas perguntas e esclare\u00e7a suas d\u00favidas sobre o Jornalistas Associados\"\n  data-header-color=\"#000\"\n  data-user-bg-color=\"#000\"\n  data-button-color=\"#000\"\n  data-button-text-color=\"#000\"\n  data-logo-banner-url=\"https:\/\/jornalistasassociados.info\/wp-content\/uploads\/2024\/10\/JAS-logo-chatbot.png\"\n  data-assistant-icon=\"https:\/\/jornalistasassociados.info\/wp-content\/uploads\/2024\/10\/JAS_chatbot-icon.png\"\n  data-privacy-policy-link=\"https:\/\/jornalistasassociados.info\/sobre\/a-ideia\/\"\n  src=\"https:\/\/internal.energia.chat\/embed\/energia-chat-widget.min.js\">\n<\/script>\n\t<p>Fa\u00e7a uma assinatura solid\u00e1ria mensal para apoiar a luta contra a censura imposta pelo poder de governos e grandes corpora\u00e7\u00f5es.<\/p>\n","protected":false},"excerpt":{"rendered":"<p>Assinatura solid\u00e1ria mensal<\/p>\n","protected":false},"featured_media":84144,"comment_status":"closed","ping_status":"closed","template":"","meta":[],"product_brand":[],"product_cat":[17],"product_tag":[],"class_list":{"0":"post-84128","1":"product","2":"type-product","3":"status-publish","4":"has-post-thumbnail","6":"product_cat-assinaturas","8":"first","9":"instock","10":"virtual","11":"purchasable","12":"product-type-simple"},"_links":{"self":[{"href":"https:\/\/jornalistasassociados.info\/vendas\/wp-json\/wp\/v2\/product\/84128","targetHints":{"allow":["GET"]}}],"collection":[{"href":"https:\/\/jornalistasassociados.info\/vendas\/wp-json\/wp\/v2\/product"}],"about":[{"href":"https:\/\/jornalistasassociados.info\/vendas\/wp-json\/wp\/v2\/types\/product"}],"replies":[{"embeddable":true,"href":"https:\/\/jornalistasassociados.info\/vendas\/wp-json\/wp\/v2\/comments?post=84128"}],"wp:featuredmedia":[{"embeddable":true,"href":"https:\/\/jornalistasassociados.info\/vendas\/wp-json\/wp\/v2\/media\/84144"}],"wp:attachment":[{"href":"https:\/\/jornalistasassociados.info\/vendas\/wp-json\/wp\/v2\/media?parent=84128"}],"wp:term":[{"taxonomy":"product_brand","embeddable":true,"href":"https:\/\/jornalistasassociados.info\/vendas\/wp-json\/wp\/v2\/product_brand?post=84128"},{"taxonomy":"product_cat","embeddable":true,"href":"https:\/\/jornalistasassociados.info\/vendas\/wp-json\/wp\/v2\/product_cat?post=84128"},{"taxonomy":"product_tag","embeddable":true,"href":"https:\/\/jornalistasassociados.info\/vendas\/wp-json\/wp\/v2\/product_tag?post=84128"}],"curies":[{"name":"wp","href":"https:\/\/api.w.org\/{rel}","templated":true}]}}