{"id":84224,"date":"2025-11-01T20:16:51","date_gmt":"2025-11-01T23:16:51","guid":{"rendered":"https:\/\/jornalistasassociados.info\/vendas\/?post_type=product&#038;p=84224"},"modified":"2025-11-02T14:25:18","modified_gmt":"2025-11-02T17:25:18","slug":"stauffenberg-e-a-conspiracao-contra-hitler","status":"publish","type":"product","link":"https:\/\/jornalistasassociados.info\/vendas\/produto\/stauffenberg-e-a-conspiracao-contra-hitler\/","title":{"rendered":"Stauffenberg e a Conspira\u00e7\u00e3o contra Hitler"},"content":{"rendered":"<script\n  data-embed-id=\"4aef875d-e7b8-4643-becd-1e6c86f6b1e8\"\n  data-base-api-url=\"https:\/\/internal.energia.chat\/api\/embed\"\n  data-open-on-load=\"off\"\n  data-assistant-greeting-message=\"Ol\u00e1! Sou o agente de intelig\u00eancia artifical do Jornalistas Associados. O que voc\u00ea gostaria de saber? Envie sua pergunta!\"\n  data-button-display-message=\"Ol\u00e1! Fa\u00e7a suas perguntas e esclare\u00e7a suas d\u00favidas sobre o Jornalistas Associados\"\n  data-header-color=\"#000\"\n  data-user-bg-color=\"#000\"\n  data-button-color=\"#000\"\n  data-button-text-color=\"#000\"\n  data-logo-banner-url=\"https:\/\/jornalistasassociados.info\/wp-content\/uploads\/2024\/10\/JAS-logo-chatbot.png\"\n  data-assistant-icon=\"https:\/\/jornalistasassociados.info\/wp-content\/uploads\/2024\/10\/JAS_chatbot-icon.png\"\n  data-privacy-policy-link=\"https:\/\/jornalistasassociados.info\/sobre\/a-ideia\/\"\n  src=\"https:\/\/internal.energia.chat\/embed\/energia-chat-widget.min.js\">\n<\/script>\n\t<p>A obra apresenta os principais fatos dessa tentativa de assassinato, cujo objetivo era eliminar Hitler e encerrar o regime nazista e a guerra.<\/p>\n<p>Com uma narrativa condensada e envolvente, a graphic novel explora os dilemas e motiva\u00e7\u00f5es dos envolvidos no atentado, destacando a import\u00e2ncia de v\u00e1rias personalidades da resist\u00eancia militar e civil.<\/p>\n<p>A abordagem visual impactante oferece uma perspectiva emocional e art\u00edstica dos eventos, permitindo que o leitor explore esse momento hist\u00f3rico de maneira nova e provocadora.<\/p>\n<p>Deseja comprar pela AMAZON? <a href=\"https:\/\/www.amazon.com.br\/Stauffenberg-conspira%C3%A7%C3%A3o-contra-Hitler-Schr%C3%B6der\/dp\/6598485509\/ref=sr_1_1?crid=7NA4CPEYJN14&amp;dib=eyJ2IjoiMSJ9.Pa-v3nbHNayhqEgKznKYTobmKWLdBQjYTOPkLFR7YT_GjHj071QN20LucGBJIEps.UuzZ2nVaE_hFla2ezFYJvqAxFxjGU44d7fwqO4Z37eY&amp;dib_tag=se&amp;keywords=stauffenberg+e+a+conspira%C3%A7%C3%A3o+contra+hitler&amp;qid=1746928568&amp;sprefix=stauff%2Caps%2C270&amp;sr=8-1\" target=\"_blank\" rel=\"noopener\">Clique aqui!<\/a><\/p>\n","protected":false},"excerpt":{"rendered":"<p>A obra apresenta os principais fatos dessa tentativa de assassinato, cujo objetivo era eliminar Hitler e encerrar o regime nazista e a guerra.<\/p>\n<p>Deseja comprar pela AMAZON? Veja na descri\u00e7\u00e3o completa abaixo.<\/p>\n","protected":false},"featured_media":84225,"comment_status":"closed","ping_status":"closed","template":"","meta":[],"product_brand":[],"product_cat":[24],"product_tag":[],"class_list":{"0":"post-84224","1":"product","2":"type-product","3":"status-publish","4":"has-post-thumbnail","6":"product_cat-livros","8":"first","9":"instock","10":"featured","11":"taxable","12":"shipping-taxable","13":"purchasable","14":"product-type-simple"},"_links":{"self":[{"href":"https:\/\/jornalistasassociados.info\/vendas\/wp-json\/wp\/v2\/product\/84224","targetHints":{"allow":["GET"]}}],"collection":[{"href":"https:\/\/jornalistasassociados.info\/vendas\/wp-json\/wp\/v2\/product"}],"about":[{"href":"https:\/\/jornalistasassociados.info\/vendas\/wp-json\/wp\/v2\/types\/product"}],"replies":[{"embeddable":true,"href":"https:\/\/jornalistasassociados.info\/vendas\/wp-json\/wp\/v2\/comments?post=84224"}],"wp:featuredmedia":[{"embeddable":true,"href":"https:\/\/jornalistasassociados.info\/vendas\/wp-json\/wp\/v2\/media\/84225"}],"wp:attachment":[{"href":"https:\/\/jornalistasassociados.info\/vendas\/wp-json\/wp\/v2\/media?parent=84224"}],"wp:term":[{"taxonomy":"product_brand","embeddable":true,"href":"https:\/\/jornalistasassociados.info\/vendas\/wp-json\/wp\/v2\/product_brand?post=84224"},{"taxonomy":"product_cat","embeddable":true,"href":"https:\/\/jornalistasassociados.info\/vendas\/wp-json\/wp\/v2\/product_cat?post=84224"},{"taxonomy":"product_tag","embeddable":true,"href":"https:\/\/jornalistasassociados.info\/vendas\/wp-json\/wp\/v2\/product_tag?post=84224"}],"curies":[{"name":"wp","href":"https:\/\/api.w.org\/{rel}","templated":true}]}}