{"id":84270,"date":"2025-11-02T14:03:07","date_gmt":"2025-11-02T17:03:07","guid":{"rendered":"https:\/\/jornalistasassociados.info\/vendas\/?post_type=product&#038;p=84270"},"modified":"2026-02-22T14:47:55","modified_gmt":"2026-02-22T17:47:55","slug":"manifesto-conspiracionista-uma-diretriz-para-a-resistencia","status":"publish","type":"product","link":"https:\/\/jornalistasassociados.info\/vendas\/produto\/manifesto-conspiracionista-uma-diretriz-para-a-resistencia\/","title":{"rendered":"Manifesto Conspiracionista, uma diretriz para a resist\u00eancia"},"content":{"rendered":"<script\n  data-embed-id=\"4aef875d-e7b8-4643-becd-1e6c86f6b1e8\"\n  data-base-api-url=\"https:\/\/internal.energia.chat\/api\/embed\"\n  data-open-on-load=\"off\"\n  data-assistant-greeting-message=\"Ol\u00e1! Sou o agente de intelig\u00eancia artifical do Jornalistas Associados. O que voc\u00ea gostaria de saber? Envie sua pergunta!\"\n  data-button-display-message=\"Ol\u00e1! Fa\u00e7a suas perguntas e esclare\u00e7a suas d\u00favidas sobre o Jornalistas Associados\"\n  data-header-color=\"#000\"\n  data-user-bg-color=\"#000\"\n  data-button-color=\"#000\"\n  data-button-text-color=\"#000\"\n  data-logo-banner-url=\"https:\/\/jornalistasassociados.info\/wp-content\/uploads\/2024\/10\/JAS-logo-chatbot.png\"\n  data-assistant-icon=\"https:\/\/jornalistasassociados.info\/wp-content\/uploads\/2024\/10\/JAS_chatbot-icon.png\"\n  data-privacy-policy-link=\"https:\/\/jornalistasassociados.info\/sobre\/a-ideia\/\"\n  src=\"https:\/\/internal.energia.chat\/embed\/energia-chat-widget.min.js\">\n<\/script>\n\t<p><span style=\"font-weight: 400;\">Um chamado vibrante \u00e0 resist\u00eancia contra as for\u00e7as que v\u00eam criando uma realidade cada vez mais opressiva sob o v\u00e9u da democracia. Escrito por um grupo internacional an\u00f4nimo (Comit\u00ea Invis\u00edvel), o Manifesto Conspirat\u00f3rio \u2014 originalmente Manifeste Conspirationniste, 2022 \u2014 mergulha nas entranhas de um suposto plano secular que utiliza pandemias, guerras e avan\u00e7os tecnol\u00f3gicos para consolidar o controle sobre corpos, mentes e almas. Com o foco principal na crise da Covid-19, a obra revela como estados de emerg\u00eancia \u2014 pol\u00edticos ou sanit\u00e1rios \u2014 se tornaram instrumentos de um autoritarismo disfar\u00e7ado, ecoando desde o antiterrorismo p\u00f3s-2001 e as ra\u00edzes neoconservadoras dos anos 1990.<\/span><\/p>\n<p>Prefere comprar pela AMAZON? <a href=\"https:\/\/www.amazon.com.br\/dp\/6598485517\" target=\"_blank\" rel=\"noopener\">Clique aqui.<\/a><\/p>\n<p>&nbsp;<\/p>\n","protected":false},"excerpt":{"rendered":"<p><span style=\"font-weight: 400;\">Um chamado vibrante \u00e0 resist\u00eancia contra as for\u00e7as que v\u00eam criando uma realidade cada vez mais opressiva sob o v\u00e9u da democracia.\u00a0<\/span><\/p>\n<p>Deseja comprar pela AMAZON? Veja na descri\u00e7\u00e3o completa abaixo.<\/p>\n","protected":false},"featured_media":84311,"comment_status":"closed","ping_status":"closed","template":"","meta":[],"product_brand":[],"product_cat":[24],"product_tag":[],"class_list":{"0":"post-84270","1":"product","2":"type-product","3":"status-publish","4":"has-post-thumbnail","6":"product_cat-livros","8":"first","9":"instock","10":"featured","11":"taxable","12":"shipping-taxable","13":"purchasable","14":"product-type-simple"},"_links":{"self":[{"href":"https:\/\/jornalistasassociados.info\/vendas\/wp-json\/wp\/v2\/product\/84270","targetHints":{"allow":["GET"]}}],"collection":[{"href":"https:\/\/jornalistasassociados.info\/vendas\/wp-json\/wp\/v2\/product"}],"about":[{"href":"https:\/\/jornalistasassociados.info\/vendas\/wp-json\/wp\/v2\/types\/product"}],"replies":[{"embeddable":true,"href":"https:\/\/jornalistasassociados.info\/vendas\/wp-json\/wp\/v2\/comments?post=84270"}],"wp:featuredmedia":[{"embeddable":true,"href":"https:\/\/jornalistasassociados.info\/vendas\/wp-json\/wp\/v2\/media\/84311"}],"wp:attachment":[{"href":"https:\/\/jornalistasassociados.info\/vendas\/wp-json\/wp\/v2\/media?parent=84270"}],"wp:term":[{"taxonomy":"product_brand","embeddable":true,"href":"https:\/\/jornalistasassociados.info\/vendas\/wp-json\/wp\/v2\/product_brand?post=84270"},{"taxonomy":"product_cat","embeddable":true,"href":"https:\/\/jornalistasassociados.info\/vendas\/wp-json\/wp\/v2\/product_cat?post=84270"},{"taxonomy":"product_tag","embeddable":true,"href":"https:\/\/jornalistasassociados.info\/vendas\/wp-json\/wp\/v2\/product_tag?post=84270"}],"curies":[{"name":"wp","href":"https:\/\/api.w.org\/{rel}","templated":true}]}}