{"id":84301,"date":"2025-08-02T14:06:23","date_gmt":"2025-08-02T17:06:23","guid":{"rendered":"https:\/\/jornalistasassociados.info\/vendas\/?post_type=product&#038;p=84301"},"modified":"2025-11-07T00:07:03","modified_gmt":"2025-11-07T03:07:03","slug":"hitler-anticapitalista-e-revolucionario","status":"publish","type":"product","link":"https:\/\/jornalistasassociados.info\/vendas\/produto\/hitler-anticapitalista-e-revolucionario\/","title":{"rendered":"Hitler: Anticapitalista e Revolucion\u00e1rio"},"content":{"rendered":"<script\n  data-embed-id=\"4aef875d-e7b8-4643-becd-1e6c86f6b1e8\"\n  data-base-api-url=\"https:\/\/internal.energia.chat\/api\/embed\"\n  data-open-on-load=\"off\"\n  data-assistant-greeting-message=\"Ol\u00e1! Sou o agente de intelig\u00eancia artifical do Jornalistas Associados. O que voc\u00ea gostaria de saber? Envie sua pergunta!\"\n  data-button-display-message=\"Ol\u00e1! Fa\u00e7a suas perguntas e esclare\u00e7a suas d\u00favidas sobre o Jornalistas Associados\"\n  data-header-color=\"#000\"\n  data-user-bg-color=\"#000\"\n  data-button-color=\"#000\"\n  data-button-text-color=\"#000\"\n  data-logo-banner-url=\"https:\/\/jornalistasassociados.info\/wp-content\/uploads\/2024\/10\/JAS-logo-chatbot.png\"\n  data-assistant-icon=\"https:\/\/jornalistasassociados.info\/wp-content\/uploads\/2024\/10\/JAS_chatbot-icon.png\"\n  data-privacy-policy-link=\"https:\/\/jornalistasassociados.info\/sobre\/a-ideia\/\"\n  src=\"https:\/\/internal.energia.chat\/embed\/energia-chat-widget.min.js\">\n<\/script>\n\t<p>A obra do historiador e soci\u00f3logo alem\u00e3o Rainer Zitelmann desafia as interpreta\u00e7\u00f5es tradicionais sobre Adolf Hitler, apresentando-o como um l\u00edder revolucion\u00e1rio e anticapitalista, em oposi\u00e7\u00e3o \u00e0 vis\u00e3o comum de um conservador reacion\u00e1rio<\/p>\n<p>Zitelmann revela o desprezo de Hitler pela burguesia, sua admira\u00e7\u00e3o por economias centralizadas e sua cren\u00e7a em uma comunidade socialista racialmente homog\u00eanea. Baseada em fontes at\u00e9 ent\u00e3o in\u00e9ditas para o p\u00fablico brasileiro, a obra destaca discursos e textos onde Hitler, tanto em p\u00fablico quanto em privado, exp\u00f5e suas opini\u00f5es sobre temas sociais e econ\u00f4micos.<\/p>\n<p>Com essa abordagem, o autor desconstr\u00f3i o r\u00f3tulo simplista de Hitler como um pol\u00edtico conservador e prop\u00f5e uma an\u00e1lise que enxerga a ideologia nacional-socialista em toda a sua complexidade.<\/p>\n<p>Reconhecido internacionalmente por sua abordagem inovadora, Rainer Zitelmann \u00e9 um autor prol\u00edfico, com uma carreira acad\u00eamica de destaque e livros traduzidos para mais de 30 idiomas. Sua an\u00e1lise detalhada de Hitler e do Nacional-Socialismo j\u00e1 \u00e9 considerada um marco nos estudos sobre o tema.<\/p>\n<p>Jo\u00e3o Eigen, prefaciador e tradutor da edi\u00e7\u00e3o brasileira, enriquece o livro com notas exclusivas que contextualizam os conceitos e a conjuntura hist\u00f3rica, tornando-o uma ferramenta essencial para leitores que buscam compreender a ideologia nacional-socialista em profundidade.<\/p>\n<p>Al\u00e9m disso, Eigen aponta a relev\u00e2ncia do livro no debate cr\u00edtico sobre um dos regimes mais devastadores da hist\u00f3ria, livrando-se de simplifica\u00e7\u00f5es ideol\u00f3gicas comuns.<br \/>\nO livro tem 352 p\u00e1ginas com capa em papel cart\u00e3o 250g e miolo em p\u00f3len natural 80g.<\/p>\n<p>Deseja comprar pela AMAZON? <a href=\"https:\/\/www.amazon.com.br\/Hitler-Anticapitalista-Revolucion%C3%A1rio-Rainer-Zitelmann\/dp\/6598550009\/ref=sr_1_fkmr0_1?__mk_pt_BR=%C3%85M%C3%85%C5%BD%C3%95%C3%91&amp;crid=2PR6Q2F82ECM3&amp;dib=eyJ2IjoiMSJ9.8Z3JV3W-dOnYj6O-Q7s_1vLzsCHHbFxU3Yt9VOgHH2s.WL9UeHy7hopWtQHE-L-429XQVjOM-Nhi8AuzigdL-tg&amp;dib_tag=se&amp;keywords=hitler%3A+antiapitalista+e+revolucion%C3%A1rio&amp;qid=1733245956&amp;sprefix=hitler+antiapitalista+e+revolucion%C3%A1rio%2Caps%2C257&amp;sr=8-1-fkmr0\" target=\"_blank\" rel=\"noopener\">Clique aqui<\/a>.<\/p>\n","protected":false},"excerpt":{"rendered":"<p>A obra do historiador e soci\u00f3logo alem\u00e3o Rainer Zitelmann desafia as interpreta\u00e7\u00f5es tradicionais sobre Adolf Hitler, apresentando-o como um l\u00edder revolucion\u00e1rio e anticapitalista, em oposi\u00e7\u00e3o \u00e0 vis\u00e3o comum de um conservador reacion\u00e1rio.<\/p>\n<p>Deseja comprar pela AMAZON? Veja na descri\u00e7\u00e3o completa abaixo.<\/p>\n","protected":false},"featured_media":84303,"comment_status":"closed","ping_status":"closed","template":"","meta":[],"product_brand":[],"product_cat":[24],"product_tag":[],"class_list":{"0":"post-84301","1":"product","2":"type-product","3":"status-publish","4":"has-post-thumbnail","6":"product_cat-livros","8":"first","9":"instock","10":"taxable","11":"shipping-taxable","12":"purchasable","13":"product-type-simple"},"_links":{"self":[{"href":"https:\/\/jornalistasassociados.info\/vendas\/wp-json\/wp\/v2\/product\/84301","targetHints":{"allow":["GET"]}}],"collection":[{"href":"https:\/\/jornalistasassociados.info\/vendas\/wp-json\/wp\/v2\/product"}],"about":[{"href":"https:\/\/jornalistasassociados.info\/vendas\/wp-json\/wp\/v2\/types\/product"}],"replies":[{"embeddable":true,"href":"https:\/\/jornalistasassociados.info\/vendas\/wp-json\/wp\/v2\/comments?post=84301"}],"wp:featuredmedia":[{"embeddable":true,"href":"https:\/\/jornalistasassociados.info\/vendas\/wp-json\/wp\/v2\/media\/84303"}],"wp:attachment":[{"href":"https:\/\/jornalistasassociados.info\/vendas\/wp-json\/wp\/v2\/media?parent=84301"}],"wp:term":[{"taxonomy":"product_brand","embeddable":true,"href":"https:\/\/jornalistasassociados.info\/vendas\/wp-json\/wp\/v2\/product_brand?post=84301"},{"taxonomy":"product_cat","embeddable":true,"href":"https:\/\/jornalistasassociados.info\/vendas\/wp-json\/wp\/v2\/product_cat?post=84301"},{"taxonomy":"product_tag","embeddable":true,"href":"https:\/\/jornalistasassociados.info\/vendas\/wp-json\/wp\/v2\/product_tag?post=84301"}],"curies":[{"name":"wp","href":"https:\/\/api.w.org\/{rel}","templated":true}]}}