{"id":84338,"date":"2025-07-01T15:05:07","date_gmt":"2025-07-01T18:05:07","guid":{"rendered":"https:\/\/jornalistasassociados.info\/vendas\/?post_type=product&#038;p=84338"},"modified":"2026-02-22T15:21:03","modified_gmt":"2026-02-22T18:21:03","slug":"os-intelectuais-do-fascismo-pensamento-politico-e-social-na-italia-de-mussolini","status":"publish","type":"product","link":"https:\/\/jornalistasassociados.info\/vendas\/produto\/os-intelectuais-do-fascismo-pensamento-politico-e-social-na-italia-de-mussolini\/","title":{"rendered":"Os Intelectuais do Fascismo: Pensamento Pol\u00edtico e Social na It\u00e1lia de Mussolini"},"content":{"rendered":"<script\n  data-embed-id=\"4aef875d-e7b8-4643-becd-1e6c86f6b1e8\"\n  data-base-api-url=\"https:\/\/internal.energia.chat\/api\/embed\"\n  data-open-on-load=\"off\"\n  data-assistant-greeting-message=\"Ol\u00e1! Sou o agente de intelig\u00eancia artifical do Jornalistas Associados. O que voc\u00ea gostaria de saber? Envie sua pergunta!\"\n  data-button-display-message=\"Ol\u00e1! Fa\u00e7a suas perguntas e esclare\u00e7a suas d\u00favidas sobre o Jornalistas Associados\"\n  data-header-color=\"#000\"\n  data-user-bg-color=\"#000\"\n  data-button-color=\"#000\"\n  data-button-text-color=\"#000\"\n  data-logo-banner-url=\"https:\/\/jornalistasassociados.info\/wp-content\/uploads\/2024\/10\/JAS-logo-chatbot.png\"\n  data-assistant-icon=\"https:\/\/jornalistasassociados.info\/wp-content\/uploads\/2024\/10\/JAS_chatbot-icon.png\"\n  data-privacy-policy-link=\"https:\/\/jornalistasassociados.info\/sobre\/a-ideia\/\"\n  src=\"https:\/\/internal.energia.chat\/embed\/energia-chat-widget.min.js\">\n<\/script>\n\t<div id=\"bookDescription_feature_div\" class=\"celwidget\" data-feature-name=\"bookDescription\" data-csa-c-type=\"widget\" data-csa-c-content-id=\"bookDescription\" data-csa-c-slot-id=\"bookDescription_feature_div\" data-csa-c-asin=\"6598550017\" data-csa-c-is-in-initial-active-row=\"false\" data-csa-c-id=\"e85orq-p7bpiw-34gi4p-l2mz3u\" data-cel-widget=\"bookDescription_feature_div\">\n<div class=\"a-expander-collapsed-height a-row a-expander-container a-spacing-base a-expander-partial-collapse-container\" data-a-expander-name=\"book_description_expander\" data-a-expander-collapsed-height=\"280\">\n<div class=\"a-expander-content a-expander-partial-collapse-content\" data-expanded=\"false\">Em \u201cOs Intelectuais do Fascismo\u201d, A. James Gregor, renomado cientista pol\u00edtico, desafia a vis\u00e3o tradicional de que o fascismo seria apenas um amontoado irracional de instintos e \u00f3dios. Com uma an\u00e1lise rigorosa, ele revela a coer\u00eancia do idealismo filos\u00f3fico fascista, elaborado por pensadores brilhantes como Enrico Corradini, Alfredo Rocco, Sergio Panunzio, Ugo Spirito e Giovanni Gentile \u2014 todos com ra\u00edzes nos movimentos socialistas, sindicalistas e marxistas europeus e italianos.<\/div>\n<div class=\"a-expander-content a-expander-partial-collapse-content\" data-expanded=\"false\">Esta obra exp\u00f5e uma ideologia que \u00e9 t\u00e3o sofisticada quanto qualquer outra de suas rivais, como o leninismo, o marxismo, o hitlerismo ou o mao\u00edsmo. \u201cOs Intelectuais do Fascismo\u201d convida voc\u00ea a explorar esse movimento com dedica\u00e7\u00e3o e coragem intelectual.<\/div>\n<div class=\"a-expander-content a-expander-partial-collapse-content\" data-expanded=\"false\">Escrita para leitores acad\u00eamicos, mas acess\u00edvel a diletantes comprometidos, esta leitura densa \u00e9 indispens\u00e1vel para quem busca transformar sua vis\u00e3o hist\u00f3rica. Tradu\u00e7\u00e3o, pref\u00e1cio e notas de rodap\u00e9 de Jo\u00e3o F. F. Eigen.<\/div>\n<div class=\"a-expander-content a-expander-partial-collapse-content\" data-expanded=\"false\">O livro tem 320 p\u00e1ginas em papel P\u00f3len Natural 80g no miolo, em preto e branco, e papel Cart\u00e3o Supremo 250g na capa, colorida.<\/div>\n<\/div>\n<\/div>\n<div id=\"globalStoreInfoBullets_feature_div\" class=\"celwidget\" data-feature-name=\"globalStoreInfoBullets\" data-csa-c-type=\"widget\" data-csa-c-content-id=\"globalStoreInfoBullets\" data-csa-c-slot-id=\"globalStoreInfoBullets_feature_div\" data-csa-c-asin=\"6598550017\" data-csa-c-is-in-initial-active-row=\"false\" data-csa-c-id=\"r6dmbz-g1rznt-saf2pn-jr51lf\" data-cel-widget=\"globalStoreInfoBullets_feature_div\"><\/div>\n<div id=\"buyingOptionNostosBadge_feature_div\" class=\"celwidget\" data-feature-name=\"buyingOptionNostosBadge\" data-csa-c-type=\"widget\" data-csa-c-content-id=\"buyingOptionNostosBadge\" data-csa-c-slot-id=\"buyingOptionNostosBadge_feature_div\" data-csa-c-asin=\"6598550017\" data-csa-c-is-in-initial-active-row=\"false\" data-csa-c-id=\"dw5tkr-w5quav-5bu90f-mwhmxo\" data-cel-widget=\"buyingOptionNostosBadge_feature_div\"><\/div>\n<div id=\"tellAmazon_feature_div\" class=\"celwidget\" data-feature-name=\"tellAmazon\" data-csa-c-type=\"widget\" data-csa-c-content-id=\"tellAmazon\" data-csa-c-slot-id=\"tellAmazon_feature_div\" data-csa-c-asin=\"6598550017\" data-csa-c-is-in-initial-active-row=\"false\" data-csa-c-id=\"e5szc3-z14clq-kshtf2-2q705g\" data-cel-widget=\"tellAmazon_feature_div\">\n<div class=\"celwidget c-f\" data-csa-op-log-render=\"\" data-csa-c-content-id=\"DsUnknown\" data-csa-c-slot-id=\"DsUnknown-6\" data-csa-c-type=\"widget\" data-csa-c-painter=\"tell-amazon-desktop-cards\" data-csa-c-id=\"x5zjbu-g99fnt-jzq3fx-u08zlw\" data-cel-widget=\"tell-amazon-desktop_DetailPage_5\">\n<div id=\"CardInstanceq9XsFuTCnCfsqQZv4zpUKQ\" data-card-metrics-id=\"tell-amazon-desktop_DetailPage_5\" data-acp-tracking=\"{}\" data-mix-claimed=\"true\">\n<div class=\"_tell-amazon-desktop_style_tell_amazon_div__1YDZk\" data-asin=\"6598550017\" data-customer-id=\"A1AG502FXSKS9E\" data-marketplace=\"A2Q3Y263D00KWC\" data-session-id=\"144-4813352-0131531\" data-logged-in=\"true\"><\/div>\n<\/div>\n<\/div>\n<\/div>\n","protected":false},"excerpt":{"rendered":"<div id=\"bookDescription_feature_div\" class=\"celwidget\" data-feature-name=\"bookDescription\" data-csa-c-type=\"widget\" data-csa-c-content-id=\"bookDescription\" data-csa-c-slot-id=\"bookDescription_feature_div\" data-csa-c-asin=\"6598550017\" data-csa-c-is-in-initial-active-row=\"false\" data-csa-c-id=\"e85orq-p7bpiw-34gi4p-l2mz3u\" data-cel-widget=\"bookDescription_feature_div\">\n<div class=\"a-expander-collapsed-height a-row a-expander-container a-spacing-base a-expander-partial-collapse-container\" data-a-expander-name=\"book_description_expander\" data-a-expander-collapsed-height=\"280\">\n<div class=\"a-expander-content a-expander-partial-collapse-content\" data-expanded=\"false\">Esta obra exp\u00f5e uma ideologia que \u00e9 t\u00e3o sofisticada quanto qualquer outra de suas rivais, como o leninismo, o marxismo, o hitlerismo ou o mao\u00edsmo. \u201cOs Intelectuais do Fascismo\u201d convida voc\u00ea a explorar esse movimento com dedica\u00e7\u00e3o e coragem intelectual.<\/div>\n<div class=\"a-expander-content a-expander-partial-collapse-content\" data-expanded=\"false\">O livro tem 320 p\u00e1ginas em papel P\u00f3len Natural 80g no miolo, em preto e branco, e papel Cart\u00e3o Supremo 250g na capa, colorida.<\/div>\n<\/div>\n<\/div>\n<div id=\"globalStoreInfoBullets_feature_div\" class=\"celwidget\" data-feature-name=\"globalStoreInfoBullets\" data-csa-c-type=\"widget\" data-csa-c-content-id=\"globalStoreInfoBullets\" data-csa-c-slot-id=\"globalStoreInfoBullets_feature_div\" data-csa-c-asin=\"6598550017\" data-csa-c-is-in-initial-active-row=\"false\" data-csa-c-id=\"r6dmbz-g1rznt-saf2pn-jr51lf\" data-cel-widget=\"globalStoreInfoBullets_feature_div\"><\/div>\n","protected":false},"featured_media":84339,"comment_status":"closed","ping_status":"closed","template":"","meta":[],"product_brand":[],"product_cat":[24],"product_tag":[],"class_list":{"0":"post-84338","1":"product","2":"type-product","3":"status-publish","4":"has-post-thumbnail","6":"product_cat-livros","8":"first","9":"instock","10":"taxable","11":"shipping-taxable","12":"purchasable","13":"product-type-simple"},"_links":{"self":[{"href":"https:\/\/jornalistasassociados.info\/vendas\/wp-json\/wp\/v2\/product\/84338","targetHints":{"allow":["GET"]}}],"collection":[{"href":"https:\/\/jornalistasassociados.info\/vendas\/wp-json\/wp\/v2\/product"}],"about":[{"href":"https:\/\/jornalistasassociados.info\/vendas\/wp-json\/wp\/v2\/types\/product"}],"replies":[{"embeddable":true,"href":"https:\/\/jornalistasassociados.info\/vendas\/wp-json\/wp\/v2\/comments?post=84338"}],"wp:featuredmedia":[{"embeddable":true,"href":"https:\/\/jornalistasassociados.info\/vendas\/wp-json\/wp\/v2\/media\/84339"}],"wp:attachment":[{"href":"https:\/\/jornalistasassociados.info\/vendas\/wp-json\/wp\/v2\/media?parent=84338"}],"wp:term":[{"taxonomy":"product_brand","embeddable":true,"href":"https:\/\/jornalistasassociados.info\/vendas\/wp-json\/wp\/v2\/product_brand?post=84338"},{"taxonomy":"product_cat","embeddable":true,"href":"https:\/\/jornalistasassociados.info\/vendas\/wp-json\/wp\/v2\/product_cat?post=84338"},{"taxonomy":"product_tag","embeddable":true,"href":"https:\/\/jornalistasassociados.info\/vendas\/wp-json\/wp\/v2\/product_tag?post=84338"}],"curies":[{"name":"wp","href":"https:\/\/api.w.org\/{rel}","templated":true}]}}