{"id":84340,"date":"2025-07-01T15:16:24","date_gmt":"2025-07-01T18:16:24","guid":{"rendered":"https:\/\/jornalistasassociados.info\/vendas\/?post_type=product&#038;p=84340"},"modified":"2026-02-22T15:20:41","modified_gmt":"2026-02-22T18:20:41","slug":"eu-vim-de-graca-as-maiores-manifestacoes-populares-da-historia-de-florianopolis-2014-2018","status":"publish","type":"product","link":"https:\/\/jornalistasassociados.info\/vendas\/produto\/eu-vim-de-graca-as-maiores-manifestacoes-populares-da-historia-de-florianopolis-2014-2018\/","title":{"rendered":"Eu vim de gra\u00e7a! As maiores manifesta\u00e7\u00f5es populares da hist\u00f3ria de Florian\u00f3polis (2014-2018)"},"content":{"rendered":"<script\n  data-embed-id=\"4aef875d-e7b8-4643-becd-1e6c86f6b1e8\"\n  data-base-api-url=\"https:\/\/internal.energia.chat\/api\/embed\"\n  data-open-on-load=\"off\"\n  data-assistant-greeting-message=\"Ol\u00e1! Sou o agente de intelig\u00eancia artifical do Jornalistas Associados. O que voc\u00ea gostaria de saber? Envie sua pergunta!\"\n  data-button-display-message=\"Ol\u00e1! Fa\u00e7a suas perguntas e esclare\u00e7a suas d\u00favidas sobre o Jornalistas Associados\"\n  data-header-color=\"#000\"\n  data-user-bg-color=\"#000\"\n  data-button-color=\"#000\"\n  data-button-text-color=\"#000\"\n  data-logo-banner-url=\"https:\/\/jornalistasassociados.info\/wp-content\/uploads\/2024\/10\/JAS-logo-chatbot.png\"\n  data-assistant-icon=\"https:\/\/jornalistasassociados.info\/wp-content\/uploads\/2024\/10\/JAS_chatbot-icon.png\"\n  data-privacy-policy-link=\"https:\/\/jornalistasassociados.info\/sobre\/a-ideia\/\"\n  src=\"https:\/\/internal.energia.chat\/embed\/energia-chat-widget.min.js\">\n<\/script>\n\t<p>Entre o final de 2014 e meados de 2018, Florian\u00f3polis presenciou as maiores manifesta\u00e7\u00f5es populares de sua hist\u00f3ria. Das avenidas tomadas por protestos, emergiu a for\u00e7a de cidad\u00e3os que vieram para as ruas sem patroc\u00ednio e sem l\u00edderes profissionais. Vieram \u201cde gra\u00e7a\u201d.<\/p>\n<p>A partir de entrevistas, documentos, v\u00eddeos, \u00e1udios, fotografias e do conte\u00fado publicado pela imprensa, &#8220;Eu vim de gra\u00e7a!&#8221; reconstr\u00f3i a trajet\u00f3ria desses grupos, registra a pluralidade das manifesta\u00e7\u00f5es e revela o processo de descoberta de novas refer\u00eancias pol\u00edticas que marcou toda uma gera\u00e7\u00e3o.<\/p>\n<p>No percurso, houve protestos com apenas 30 pessoas e outros com 95 mil, marcha para Bras\u00edlia, press\u00e3o sobre parlamentares, tentativas de cria\u00e7\u00e3o de partidos, grupos de estudo e uma intensa movimenta\u00e7\u00e3o ligada \u00e0s ideias de liberdade.<\/p>\n<p>As ruas revelaram uma interessante realidade, muitas vezes distinta das narrativas difundidas por muitos jornalistas e especialistas. Mais do que um registro hist\u00f3rico, &#8220;Eu vim de gra\u00e7a!&#8221; \u00e9 o retrato de um despertar pol\u00edtico \u2014 um convite para compreender o Brasil que nasceu nas ruas e uma centelha para novos movimentos.<\/p>\n","protected":false},"excerpt":{"rendered":"<p>Entre o final de 2014 e meados de 2018, Florian\u00f3polis presenciou as maiores manifesta\u00e7\u00f5es populares de sua hist\u00f3ria. Das avenidas tomadas por protestos, emergiu a for\u00e7a de cidad\u00e3os que vieram para as ruas sem patroc\u00ednio e sem l\u00edderes profissionais. Vieram \u201cde gra\u00e7a\u201d.<\/p>\n<p>A partir de entrevistas, documentos, v\u00eddeos, \u00e1udios, fotografias e do conte\u00fado publicado pela imprensa, &#8220;Eu vim de gra\u00e7a!&#8221; reconstr\u00f3i a trajet\u00f3ria desses grupos, registra a pluralidade das manifesta\u00e7\u00f5es e revela o processo de descoberta de novas refer\u00eancias pol\u00edticas que marcou toda uma gera\u00e7\u00e3o.<\/p>\n<p>No percurso, houve protestos com apenas 30 pessoas e outros com 95 mil, marcha para Bras\u00edlia, press\u00e3o sobre parlamentares, tentativas de cria\u00e7\u00e3o de partidos, grupos de estudo e uma intensa movimenta\u00e7\u00e3o ligada \u00e0s ideias de liberdade.<\/p>\n<p>As ruas revelaram uma interessante realidade, muitas vezes distinta das narrativas difundidas por muitos jornalistas e especialistas. Mais do que um registro hist\u00f3rico, &#8220;Eu vim de gra\u00e7a!&#8221; \u00e9 o retrato de um despertar pol\u00edtico \u2014 um convite para compreender o Brasil que nasceu nas ruas e uma centelha para novos movimentos.<\/p>\n","protected":false},"featured_media":84341,"comment_status":"closed","ping_status":"closed","template":"","meta":[],"product_brand":[],"product_cat":[24],"product_tag":[],"class_list":{"0":"post-84340","1":"product","2":"type-product","3":"status-publish","4":"has-post-thumbnail","6":"product_cat-livros","8":"first","9":"instock","10":"taxable","11":"shipping-taxable","12":"purchasable","13":"product-type-simple"},"_links":{"self":[{"href":"https:\/\/jornalistasassociados.info\/vendas\/wp-json\/wp\/v2\/product\/84340","targetHints":{"allow":["GET"]}}],"collection":[{"href":"https:\/\/jornalistasassociados.info\/vendas\/wp-json\/wp\/v2\/product"}],"about":[{"href":"https:\/\/jornalistasassociados.info\/vendas\/wp-json\/wp\/v2\/types\/product"}],"replies":[{"embeddable":true,"href":"https:\/\/jornalistasassociados.info\/vendas\/wp-json\/wp\/v2\/comments?post=84340"}],"wp:featuredmedia":[{"embeddable":true,"href":"https:\/\/jornalistasassociados.info\/vendas\/wp-json\/wp\/v2\/media\/84341"}],"wp:attachment":[{"href":"https:\/\/jornalistasassociados.info\/vendas\/wp-json\/wp\/v2\/media?parent=84340"}],"wp:term":[{"taxonomy":"product_brand","embeddable":true,"href":"https:\/\/jornalistasassociados.info\/vendas\/wp-json\/wp\/v2\/product_brand?post=84340"},{"taxonomy":"product_cat","embeddable":true,"href":"https:\/\/jornalistasassociados.info\/vendas\/wp-json\/wp\/v2\/product_cat?post=84340"},{"taxonomy":"product_tag","embeddable":true,"href":"https:\/\/jornalistasassociados.info\/vendas\/wp-json\/wp\/v2\/product_tag?post=84340"}],"curies":[{"name":"wp","href":"https:\/\/api.w.org\/{rel}","templated":true}]}}